{"id":19,"date":"2021-12-08T21:48:51","date_gmt":"2021-12-08T20:48:51","guid":{"rendered":"https:\/\/seamore.sk\/blog\/?page_id=19"},"modified":"2022-02-13T20:31:04","modified_gmt":"2022-02-13T19:31:04","slug":"blog","status":"publish","type":"page","link":"https:\/\/seamore.sk\/blog\/","title":{"rendered":"Blog"},"content":{"rendered":"\t\t<div data-elementor-type=\"wp-page\" data-elementor-id=\"19\" class=\"elementor elementor-19\">\n\t\t\t\t\t\t\t\t\t<section class=\"elementor-section elementor-top-section elementor-element elementor-element-f35b32e elementor-section-boxed elementor-section-height-default elementor-section-height-default\" data-id=\"f35b32e\" data-element_type=\"section\">\n\t\t\t\t\t\t<div class=\"elementor-container elementor-column-gap-default\">\n\t\t\t\t\t<div class=\"elementor-column elementor-col-100 elementor-top-column elementor-element elementor-element-9051a49\" data-id=\"9051a49\" data-element_type=\"column\">\n\t\t\t<div class=\"elementor-widget-wrap elementor-element-populated\">\n\t\t\t\t\t\t\t\t<div class=\"elementor-element elementor-element-902f67e elementor-grid-eael-col-4 elementor-grid-tablet-eael-col-2 elementor-grid-mobile-eael-col-1 elementor-widget elementor-widget-eael-post-grid\" data-id=\"902f67e\" data-element_type=\"widget\" data-settings=\"{&quot;eael_post_grid_columns&quot;:&quot;eael-col-4&quot;,&quot;eael_post_grid_columns_tablet&quot;:&quot;eael-col-2&quot;,&quot;eael_post_grid_columns_mobile&quot;:&quot;eael-col-1&quot;}\" data-widget_type=\"eael-post-grid.default\">\n\t\t\t\t<div class=\"elementor-widget-container\">\n\t\t\t<div id=\"eael-post-grid-902f67e\" class=\"eael-post-grid-container\">\n            <div class=\"eael-post-grid eael-post-appender eael-post-appender-902f67e eael-post-grid-style-default\" data-layout-mode=\"masonry\"><article class=\"eael-grid-post eael-post-grid-column\" data-id=\"349\">\n        <div class=\"eael-grid-post-holder\">\n            <div class=\"eael-grid-post-holder-inner\"><div class=\"eael-entry-media\"><div class=\"eael-entry-overlay fade-in\"><i class=\"fas fa-long-arrow-alt-right\" aria-hidden=\"true\"><\/i><a href=\"https:\/\/seamore.sk\/blog\/2022\/08\/04\/dlhy-let-s-detmi-do-exotiky-ultimatny-sprievodca-ako-si-taky-let-uzit-a-nie-len-ho-prezit-1-cast\/\"><\/a><\/div><div class=\"eael-entry-thumbnail\">\n                <img loading=\"lazy\" decoding=\"async\" width=\"768\" height=\"433\" src=\"https:\/\/seamore.sk\/blog\/wp-content\/uploads\/2022\/08\/6-seamore-cestovna-kancelaria-maledivy-mexiko-filipiny-deti-768x433.jpg\" class=\"attachment-medium_large size-medium_large\" alt=\"seamore-cestovna-kancelaria-maledivy-mexiko-filipiny-deti\" srcset=\"https:\/\/seamore.sk\/blog\/wp-content\/uploads\/2022\/08\/6-seamore-cestovna-kancelaria-maledivy-mexiko-filipiny-deti-768x433.jpg 768w, https:\/\/seamore.sk\/blog\/wp-content\/uploads\/2022\/08\/6-seamore-cestovna-kancelaria-maledivy-mexiko-filipiny-deti-300x169.jpg 300w, https:\/\/seamore.sk\/blog\/wp-content\/uploads\/2022\/08\/6-seamore-cestovna-kancelaria-maledivy-mexiko-filipiny-deti-1024x577.jpg 1024w, https:\/\/seamore.sk\/blog\/wp-content\/uploads\/2022\/08\/6-seamore-cestovna-kancelaria-maledivy-mexiko-filipiny-deti-1536x865.jpg 1536w, https:\/\/seamore.sk\/blog\/wp-content\/uploads\/2022\/08\/6-seamore-cestovna-kancelaria-maledivy-mexiko-filipiny-deti.jpg 1640w\" sizes=\"auto, (max-width: 768px) 100vw, 768px\" \/>\n            <\/div>\n        <\/div><div class=\"eael-entry-wrapper\"><header class=\"eael-entry-header\"><h2 class=\"eael-entry-title\"><a\n                        class=\"eael-grid-post-link\"\n                        href=\"https:\/\/seamore.sk\/blog\/2022\/08\/04\/dlhy-let-s-detmi-do-exotiky-ultimatny-sprievodca-ako-si-taky-let-uzit-a-nie-len-ho-prezit-1-cast\/\"\n                        title=\"Dlh\u00fd let s de\u0165mi do exotiky: ultim\u00e1tny sprievodca, ako si tak\u00fd let u\u017ei\u0165 a nie len ho pre\u017ei\u0165 \/ 1. \u010das\u0165\">Dlh\u00fd let s de\u0165mi do exotiky: ultim\u00e1tny sprievodca, ako si tak\u00fd let u\u017ei\u0165 a nie len ho pre\u017ei\u0165 \/ 1. \u010das\u0165<\/a><\/h2><\/header><div class=\"eael-entry-content\">\n                        <div class=\"eael-grid-post-excerpt\"><p>Hoci m\u00e1me leto v plnom pr\u00fade, ani sa nenazd\u00e1me a...<\/p><a\n                            href=\"https:\/\/seamore.sk\/blog\/2022\/08\/04\/dlhy-let-s-detmi-do-exotiky-ultimatny-sprievodca-ako-si-taky-let-uzit-a-nie-len-ho-prezit-1-cast\/\"\n                            class=\"eael-post-elements-readmore-btn\">Read More<\/a><\/div>\n                    <\/div><div class=\"eael-entry-footer\"><div class=\"eael-author-avatar\"><a href=\"https:\/\/seamore.sk\/blog\/author\/seamore\/\"><img alt='' src='https:\/\/seamore.sk\/blog\/wp-content\/uploads\/2022\/06\/Seamore-Logotyp-B-RGB-black-1-96x96.png' srcset='https:\/\/seamore.sk\/blog\/wp-content\/uploads\/2022\/06\/Seamore-Logotyp-B-RGB-black-1-192x192.png 2x' class='avatar avatar-96 photo' height='96' width='96' \/><\/a><\/div><div class=\"eael-entry-meta\"><span class=\"eael-posted-by\"><a href=\"https:\/\/seamore.sk\/blog\/author\/seamore\/\" title=\"Autor \u010dl\u00e1nku seamore\" rel=\"author\">seamore<\/a><\/span><span class=\"eael-posted-on\"><time datetime=\"4. augusta 2022\">4. augusta 2022<\/time><\/span><\/div><\/div><\/div><\/div>\n        <\/div>\n    <\/article><article class=\"eael-grid-post eael-post-grid-column\" data-id=\"237\">\n        <div class=\"eael-grid-post-holder\">\n            <div class=\"eael-grid-post-holder-inner\"><div class=\"eael-entry-media\"><div class=\"eael-entry-overlay fade-in\"><i class=\"fas fa-long-arrow-alt-right\" aria-hidden=\"true\"><\/i><a href=\"https:\/\/seamore.sk\/blog\/2022\/06\/20\/sprevadzany-trek-do-nepalu-s-oliverom-na-jesen-2022\/\"><\/a><\/div><div class=\"eael-entry-thumbnail\">\n                <img loading=\"lazy\" decoding=\"async\" width=\"768\" height=\"512\" src=\"https:\/\/seamore.sk\/blog\/wp-content\/uploads\/2022\/06\/1_Everest-base-camp-gokyo-1-768x512.jpg\" class=\"attachment-medium_large size-medium_large\" alt=\"\" srcset=\"https:\/\/seamore.sk\/blog\/wp-content\/uploads\/2022\/06\/1_Everest-base-camp-gokyo-1-768x512.jpg 768w, https:\/\/seamore.sk\/blog\/wp-content\/uploads\/2022\/06\/1_Everest-base-camp-gokyo-1-300x200.jpg 300w, https:\/\/seamore.sk\/blog\/wp-content\/uploads\/2022\/06\/1_Everest-base-camp-gokyo-1-1024x683.jpg 1024w, https:\/\/seamore.sk\/blog\/wp-content\/uploads\/2022\/06\/1_Everest-base-camp-gokyo-1-930x620.jpg 930w, https:\/\/seamore.sk\/blog\/wp-content\/uploads\/2022\/06\/1_Everest-base-camp-gokyo-1.jpg 1500w\" sizes=\"auto, (max-width: 768px) 100vw, 768px\" \/>\n            <\/div>\n        <\/div><div class=\"eael-entry-wrapper\"><header class=\"eael-entry-header\"><h2 class=\"eael-entry-title\"><a\n                        class=\"eael-grid-post-link\"\n                        href=\"https:\/\/seamore.sk\/blog\/2022\/06\/20\/sprevadzany-trek-do-nepalu-s-oliverom-na-jesen-2022\/\"\n                        title=\"Sprev\u00e1dzan\u00fd trek do Nep\u00e1lu s Oliverom na jese\u0148 2022\">Sprev\u00e1dzan\u00fd trek do Nep\u00e1lu s Oliverom na jese\u0148 2022<\/a><\/h2><\/header><div class=\"eael-entry-content\">\n                        <div class=\"eael-grid-post-excerpt\"><p>Tentokr\u00e1t sme namiesto klasick\u00e9ho blogu pripravili kr\u00e1tky rozhovor so zauj\u00edmav\u00fdm...<\/p><a\n                            href=\"https:\/\/seamore.sk\/blog\/2022\/06\/20\/sprevadzany-trek-do-nepalu-s-oliverom-na-jesen-2022\/\"\n                            class=\"eael-post-elements-readmore-btn\">Read More<\/a><\/div>\n                    <\/div><div class=\"eael-entry-footer\"><div class=\"eael-author-avatar\"><a href=\"https:\/\/seamore.sk\/blog\/author\/seamore\/\"><img alt='' src='https:\/\/seamore.sk\/blog\/wp-content\/uploads\/2022\/06\/Seamore-Logotyp-B-RGB-black-1-96x96.png' srcset='https:\/\/seamore.sk\/blog\/wp-content\/uploads\/2022\/06\/Seamore-Logotyp-B-RGB-black-1-192x192.png 2x' class='avatar avatar-96 photo' height='96' width='96' \/><\/a><\/div><div class=\"eael-entry-meta\"><span class=\"eael-posted-by\"><a href=\"https:\/\/seamore.sk\/blog\/author\/seamore\/\" title=\"Autor \u010dl\u00e1nku seamore\" rel=\"author\">seamore<\/a><\/span><span class=\"eael-posted-on\"><time datetime=\"20. j\u00fana 2022\">20. j\u00fana 2022<\/time><\/span><\/div><\/div><\/div><\/div>\n        <\/div>\n    <\/article><article class=\"eael-grid-post eael-post-grid-column\" data-id=\"141\">\n        <div class=\"eael-grid-post-holder\">\n            <div class=\"eael-grid-post-holder-inner\"><div class=\"eael-entry-media\"><div class=\"eael-entry-overlay fade-in\"><i class=\"fas fa-long-arrow-alt-right\" aria-hidden=\"true\"><\/i><a href=\"https:\/\/seamore.sk\/blog\/2022\/05\/27\/dovolenka-maledivy-s-detmi\/\"><\/a><\/div><div class=\"eael-entry-thumbnail\">\n                <img loading=\"lazy\" decoding=\"async\" width=\"768\" height=\"474\" src=\"https:\/\/seamore.sk\/blog\/wp-content\/uploads\/2022\/05\/iStock-1132741873-768x474.jpg\" class=\"attachment-medium_large size-medium_large\" alt=\"dovolenka maledivy s detmi ck seamore sea more travel cestovna kancelaria blog\" srcset=\"https:\/\/seamore.sk\/blog\/wp-content\/uploads\/2022\/05\/iStock-1132741873-768x474.jpg 768w, https:\/\/seamore.sk\/blog\/wp-content\/uploads\/2022\/05\/iStock-1132741873-300x185.jpg 300w, https:\/\/seamore.sk\/blog\/wp-content\/uploads\/2022\/05\/iStock-1132741873-1024x633.jpg 1024w, https:\/\/seamore.sk\/blog\/wp-content\/uploads\/2022\/05\/iStock-1132741873-1536x949.jpg 1536w, https:\/\/seamore.sk\/blog\/wp-content\/uploads\/2022\/05\/iStock-1132741873-2048x1265.jpg 2048w\" sizes=\"auto, (max-width: 768px) 100vw, 768px\" \/>\n            <\/div>\n        <\/div><div class=\"eael-entry-wrapper\"><header class=\"eael-entry-header\"><h2 class=\"eael-entry-title\"><a\n                        class=\"eael-grid-post-link\"\n                        href=\"https:\/\/seamore.sk\/blog\/2022\/05\/27\/dovolenka-maledivy-s-detmi\/\"\n                        title=\"Maledivy s de\u0165mi? Za n\u00e1s jednozna\u010dne \u00e1no.\">Maledivy s de\u0165mi? Za n\u00e1s jednozna\u010dne \u00e1no.<\/a><\/h2><\/header><div class=\"eael-entry-content\">\n                        <div class=\"eael-grid-post-excerpt\"><p>Blog - Dovolenka Maledivy s de\u0165mi | seamore.sk<\/p><a\n                            href=\"https:\/\/seamore.sk\/blog\/2022\/05\/27\/dovolenka-maledivy-s-detmi\/\"\n                            class=\"eael-post-elements-readmore-btn\">Read More<\/a><\/div>\n                    <\/div><div class=\"eael-entry-footer\"><div class=\"eael-author-avatar\"><a href=\"https:\/\/seamore.sk\/blog\/author\/seamore\/\"><img alt='' src='https:\/\/seamore.sk\/blog\/wp-content\/uploads\/2022\/06\/Seamore-Logotyp-B-RGB-black-1-96x96.png' srcset='https:\/\/seamore.sk\/blog\/wp-content\/uploads\/2022\/06\/Seamore-Logotyp-B-RGB-black-1-192x192.png 2x' class='avatar avatar-96 photo' height='96' width='96' \/><\/a><\/div><div class=\"eael-entry-meta\"><span class=\"eael-posted-by\"><a href=\"https:\/\/seamore.sk\/blog\/author\/seamore\/\" title=\"Autor \u010dl\u00e1nku seamore\" rel=\"author\">seamore<\/a><\/span><span class=\"eael-posted-on\"><time datetime=\"27. m\u00e1ja 2022\">27. m\u00e1ja 2022<\/time><\/span><\/div><\/div><\/div><\/div>\n        <\/div>\n    <\/article><\/div>\n            <div class=\"clearfix\"><\/div>\n        <\/div>\t\t<\/div>\n\t\t\t\t<\/div>\n\t\t\t\t\t<\/div>\n\t\t<\/div>\n\t\t\t\t\t\t\t<\/div>\n\t\t<\/section>\n\t\t\t\t\t\t\t<\/div>\n\t\t","protected":false},"excerpt":{"rendered":"<p>Nadpis pre \u010dl\u00e1nok Read More codes19. janu\u00e1ra 2022 Ahoj svet! Vitajte vo WordPress. Toto je v\u00e1\u0161 prv\u00fd \u010dl\u00e1nok. Upravte ho&#8230; Read More codes19. janu\u00e1ra 2022 Ahoj svet! Vitajte vo WordPress. Toto je v\u00e1\u0161 prv\u00fd \u010dl\u00e1nok. Upravte ho&#8230; Read More codes8. decembra 2021<\/p>\n","protected":false},"author":1,"featured_media":0,"parent":0,"menu_order":0,"comment_status":"closed","ping_status":"closed","template":"page-templates\/template-pagebuilder-full-width.php","meta":{"inline_featured_image":false,"neve_meta_sidebar":"","neve_meta_container":"","neve_meta_enable_content_width":"on","neve_meta_content_width":100,"neve_meta_title_alignment":"","neve_meta_author_avatar":"","neve_post_elements_order":"","neve_meta_disable_header":"","neve_meta_disable_footer":"","neve_meta_disable_title":"on","footnotes":""},"class_list":["post-19","page","type-page","status-publish","hentry"],"yoast_head":"<!-- This site is optimized with the Yoast SEO plugin v19.5.1 - https:\/\/yoast.com\/wordpress\/plugins\/seo\/ -->\n<title>Blog - Seamore | Blog<\/title>\n<meta name=\"robots\" content=\"index, follow, max-snippet:-1, max-image-preview:large, max-video-preview:-1\" \/>\n<link rel=\"canonical\" href=\"https:\/\/seamore.sk\/blog\/\" \/>\n<meta property=\"og:locale\" content=\"sk_SK\" \/>\n<meta property=\"og:type\" content=\"article\" \/>\n<meta property=\"og:title\" content=\"Blog - Seamore | Blog\" \/>\n<meta property=\"og:description\" content=\"Nadpis pre \u010dl\u00e1nok Read More codes19. janu\u00e1ra 2022 Ahoj svet! Vitajte vo WordPress. Toto je v\u00e1\u0161 prv\u00fd \u010dl\u00e1nok. Upravte ho&#8230; Read More codes19. janu\u00e1ra 2022 Ahoj svet! Vitajte vo WordPress. Toto je v\u00e1\u0161 prv\u00fd \u010dl\u00e1nok. Upravte ho&#8230; Read More codes8. decembra 2021\" \/>\n<meta property=\"og:url\" content=\"https:\/\/seamore.sk\/blog\/\" \/>\n<meta property=\"og:site_name\" content=\"Seamore | Blog\" \/>\n<meta property=\"article:modified_time\" content=\"2022-02-13T19:31:04+00:00\" \/>\n<meta property=\"og:image\" content=\"https:\/\/seamore.sk\/blog\/wp-content\/uploads\/2022\/01\/600x420.jpg\" \/>\n<meta name=\"twitter:card\" content=\"summary_large_image\" \/>\n<script type=\"application\/ld+json\" class=\"yoast-schema-graph\">{\"@context\":\"https:\/\/schema.org\",\"@graph\":[{\"@type\":\"WebPage\",\"@id\":\"https:\/\/seamore.sk\/blog\/\",\"url\":\"https:\/\/seamore.sk\/blog\/\",\"name\":\"Blog - Seamore | Blog\",\"isPartOf\":{\"@id\":\"https:\/\/seamore.sk\/blog\/#website\"},\"datePublished\":\"2021-12-08T20:48:51+00:00\",\"dateModified\":\"2022-02-13T19:31:04+00:00\",\"breadcrumb\":{\"@id\":\"https:\/\/seamore.sk\/blog\/#breadcrumb\"},\"inLanguage\":\"sk-SK\",\"potentialAction\":[{\"@type\":\"ReadAction\",\"target\":[\"https:\/\/seamore.sk\/blog\/\"]}]},{\"@type\":\"BreadcrumbList\",\"@id\":\"https:\/\/seamore.sk\/blog\/#breadcrumb\",\"itemListElement\":[{\"@type\":\"ListItem\",\"position\":1,\"name\":\"Domovsk\u00e1 str\u00e1nka\",\"item\":\"https:\/\/seamore.sk\/blog\/\"},{\"@type\":\"ListItem\",\"position\":2,\"name\":\"Blog\"}]},{\"@type\":\"WebSite\",\"@id\":\"https:\/\/seamore.sk\/blog\/#website\",\"url\":\"https:\/\/seamore.sk\/blog\/\",\"name\":\"Seamore | Blog\",\"description\":\"\",\"publisher\":{\"@id\":\"https:\/\/seamore.sk\/blog\/#organization\"},\"potentialAction\":[{\"@type\":\"SearchAction\",\"target\":{\"@type\":\"EntryPoint\",\"urlTemplate\":\"https:\/\/seamore.sk\/blog\/?s={search_term_string}\"},\"query-input\":\"required name=search_term_string\"}],\"inLanguage\":\"sk-SK\"},{\"@type\":\"Organization\",\"@id\":\"https:\/\/seamore.sk\/blog\/#organization\",\"name\":\"Seamore | Blog\",\"url\":\"https:\/\/seamore.sk\/blog\/\",\"sameAs\":[],\"logo\":{\"@type\":\"ImageObject\",\"inLanguage\":\"sk-SK\",\"@id\":\"https:\/\/seamore.sk\/blog\/#\/schema\/logo\/image\/\",\"url\":\"https:\/\/seamore.sk\/blog\/wp-content\/uploads\/2021\/12\/logo.svg\",\"contentUrl\":\"https:\/\/seamore.sk\/blog\/wp-content\/uploads\/2021\/12\/logo.svg\",\"width\":219,\"height\":102,\"caption\":\"Seamore | Blog\"},\"image\":{\"@id\":\"https:\/\/seamore.sk\/blog\/#\/schema\/logo\/image\/\"}}]}<\/script>\n<!-- \/ Yoast SEO plugin. -->","yoast_head_json":{"title":"Blog - Seamore | Blog","robots":{"index":"index","follow":"follow","max-snippet":"max-snippet:-1","max-image-preview":"max-image-preview:large","max-video-preview":"max-video-preview:-1"},"canonical":"https:\/\/seamore.sk\/blog\/","og_locale":"sk_SK","og_type":"article","og_title":"Blog - Seamore | Blog","og_description":"Nadpis pre \u010dl\u00e1nok Read More codes19. janu\u00e1ra 2022 Ahoj svet! Vitajte vo WordPress. Toto je v\u00e1\u0161 prv\u00fd \u010dl\u00e1nok. Upravte ho&#8230; Read More codes19. janu\u00e1ra 2022 Ahoj svet! Vitajte vo WordPress. Toto je v\u00e1\u0161 prv\u00fd \u010dl\u00e1nok. Upravte ho&#8230; Read More codes8. decembra 2021","og_url":"https:\/\/seamore.sk\/blog\/","og_site_name":"Seamore | Blog","article_modified_time":"2022-02-13T19:31:04+00:00","og_image":[{"url":"https:\/\/seamore.sk\/blog\/wp-content\/uploads\/2022\/01\/600x420.jpg"}],"twitter_card":"summary_large_image","schema":{"@context":"https:\/\/schema.org","@graph":[{"@type":"WebPage","@id":"https:\/\/seamore.sk\/blog\/","url":"https:\/\/seamore.sk\/blog\/","name":"Blog - Seamore | Blog","isPartOf":{"@id":"https:\/\/seamore.sk\/blog\/#website"},"datePublished":"2021-12-08T20:48:51+00:00","dateModified":"2022-02-13T19:31:04+00:00","breadcrumb":{"@id":"https:\/\/seamore.sk\/blog\/#breadcrumb"},"inLanguage":"sk-SK","potentialAction":[{"@type":"ReadAction","target":["https:\/\/seamore.sk\/blog\/"]}]},{"@type":"BreadcrumbList","@id":"https:\/\/seamore.sk\/blog\/#breadcrumb","itemListElement":[{"@type":"ListItem","position":1,"name":"Domovsk\u00e1 str\u00e1nka","item":"https:\/\/seamore.sk\/blog\/"},{"@type":"ListItem","position":2,"name":"Blog"}]},{"@type":"WebSite","@id":"https:\/\/seamore.sk\/blog\/#website","url":"https:\/\/seamore.sk\/blog\/","name":"Seamore | Blog","description":"","publisher":{"@id":"https:\/\/seamore.sk\/blog\/#organization"},"potentialAction":[{"@type":"SearchAction","target":{"@type":"EntryPoint","urlTemplate":"https:\/\/seamore.sk\/blog\/?s={search_term_string}"},"query-input":"required name=search_term_string"}],"inLanguage":"sk-SK"},{"@type":"Organization","@id":"https:\/\/seamore.sk\/blog\/#organization","name":"Seamore | Blog","url":"https:\/\/seamore.sk\/blog\/","sameAs":[],"logo":{"@type":"ImageObject","inLanguage":"sk-SK","@id":"https:\/\/seamore.sk\/blog\/#\/schema\/logo\/image\/","url":"https:\/\/seamore.sk\/blog\/wp-content\/uploads\/2021\/12\/logo.svg","contentUrl":"https:\/\/seamore.sk\/blog\/wp-content\/uploads\/2021\/12\/logo.svg","width":219,"height":102,"caption":"Seamore | Blog"},"image":{"@id":"https:\/\/seamore.sk\/blog\/#\/schema\/logo\/image\/"}}]}},"_links":{"self":[{"href":"https:\/\/seamore.sk\/blog\/wp-json\/wp\/v2\/pages\/19","targetHints":{"allow":["GET"]}}],"collection":[{"href":"https:\/\/seamore.sk\/blog\/wp-json\/wp\/v2\/pages"}],"about":[{"href":"https:\/\/seamore.sk\/blog\/wp-json\/wp\/v2\/types\/page"}],"author":[{"embeddable":true,"href":"https:\/\/seamore.sk\/blog\/wp-json\/wp\/v2\/users\/1"}],"replies":[{"embeddable":true,"href":"https:\/\/seamore.sk\/blog\/wp-json\/wp\/v2\/comments?post=19"}],"version-history":[{"count":10,"href":"https:\/\/seamore.sk\/blog\/wp-json\/wp\/v2\/pages\/19\/revisions"}],"predecessor-version":[{"id":66,"href":"https:\/\/seamore.sk\/blog\/wp-json\/wp\/v2\/pages\/19\/revisions\/66"}],"wp:attachment":[{"href":"https:\/\/seamore.sk\/blog\/wp-json\/wp\/v2\/media?parent=19"}],"curies":[{"name":"wp","href":"https:\/\/api.w.org\/{rel}","templated":true}]}}